{"id":55,"date":"2016-12-02T13:37:39","date_gmt":"2016-12-02T05:37:39","guid":{"rendered":"http:\/\/rt18-t1028.bshark.com\/?page_id=55"},"modified":"2023-02-12T23:42:11","modified_gmt":"2023-02-13T07:42:11","slug":"about-us","status":"publish","type":"page","link":"https:\/\/www.s-k.ltd\/de\/about-us\/","title":{"rendered":"\u00dcber uns"},"content":{"rendered":"<p>Sunday Knight Co. ist ein renommierter Hersteller von hochwertigen <strong>Acryl-Boxen<\/strong> mit Sitz in Dongguan City, Provinz Guangdong, China. Unser Unternehmen wurde 2012 gegr\u00fcndet und hat sich seitdem einen guten Ruf als f\u00fchrender Anbieter von ma\u00dfgeschneiderten Acrylboxen aufgebaut. Unsere umfangreiche Produktpalette umfasst eine gro\u00dfe Auswahl an Acrylboxen, wie z. B. Plexiglasboxen, Perspexboxen, Acrylvitrinen, Acryldisplayboxen, Acrylaufbewahrungsboxen, Acrylsammelboxen, Acrylwahlurnen, Acryl-Kosmetikboxen, Plexiglasvitrinen, Acrylvitrinen, Vorschlagsboxen, Acrylbeh\u00e4lter, Acryl-Aufbewahrungsbeh\u00e4lter, Lucite-Boxen, Acryl-Schuhboxen, Acryl-Blumenboxen und Acryl-Rosenboxen.<\/p>\n<p>Wir bei Sunday Knight Co. wissen um die Bedeutung von Qualit\u00e4t und Kundenzufriedenheit. Deshalb haben wir in spezialisierte Werkst\u00e4tten, qualifizierte Mitarbeiter und leistungsstarke Maschinen investiert, um sicherzustellen, dass wir in der Lage sind, Produkte zu liefern, die den h\u00f6chsten Standards entsprechen. Unser Fokus auf Qualit\u00e4t hat uns einen guten Ruf in der Branche eingebracht und uns zu einem der f\u00fchrenden Hersteller von Acrylboxen in China werden lassen.<\/p>\n<p><img decoding=\"async\" class=\"size-full wp-image-21459 aligncenter\" src=\"https:\/\/www.s-k.ltd\/wp-content\/uploads\/2022\/10\/Our-workshop.webp\" alt=\"Unser Workshop\" width=\"1000\" height=\"679\" srcset=\"https:\/\/www.s-k.ltd\/wp-content\/uploads\/2022\/10\/Our-workshop.webp 1000w, https:\/\/www.s-k.ltd\/wp-content\/uploads\/2022\/10\/Our-workshop-400x272.webp 400w, https:\/\/www.s-k.ltd\/wp-content\/uploads\/2022\/10\/Our-workshop-768x521.webp 768w\" sizes=\"(max-width: 1000px) 100vw, 1000px\" \/><\/p>\n<div class=\"fancybox-hidden\" style=\"display: none;\">\n<div id=\"contact_form_pop\">\n<div class=\"wpcf7 no-js\" id=\"wpcf7-f2438-o1\" lang=\"en-US\" dir=\"ltr\" data-wpcf7-id=\"2438\">\n<div class=\"screen-reader-response\"><p role=\"status\" aria-live=\"polite\" aria-atomic=\"true\"><\/p> <ul><\/ul><\/div>\n<form action=\"\/de\/wp-json\/wp\/v2\/pages\/55#wpcf7-f2438-o1\" method=\"post\" class=\"wpcf7-form init\" aria-label=\"Kontakt-Formular\" novalidate=\"novalidate\" data-status=\"init\" data-trp-original-action=\"\/de\/wp-json\/wp\/v2\/pages\/55#wpcf7-f2438-o1\">\n<fieldset class=\"hidden-fields-container\"><input type=\"hidden\" name=\"_wpcf7\" value=\"2438\" \/><input type=\"hidden\" name=\"_wpcf7_version\" value=\"6.1.5\" \/><input type=\"hidden\" name=\"_wpcf7_locale\" value=\"en_US\" \/><input type=\"hidden\" name=\"_wpcf7_unit_tag\" value=\"wpcf7-f2438-o1\" \/><input type=\"hidden\" name=\"_wpcf7_container_post\" value=\"0\" \/><input type=\"hidden\" name=\"_wpcf7_posted_data_hash\" value=\"\" \/>\n<\/fieldset>\n<div id=\"enquiry-form\">\n\t<p class=\"t\">Ihr Name:\n\t<\/p>\n\t<p class=\"c\"><span class=\"wpcf7-form-control-wrap\" data-name=\"your-name\"><input size=\"40\" maxlength=\"400\" class=\"wpcf7-form-control wpcf7-text wpcf7-validates-as-required\" aria-required=\"true\" aria-invalid=\"false\" placeholder=\"Name\" value=\"\" type=\"text\" name=\"your-name\" \/><\/span>\n\t<\/p>\n\t<p class=\"t\">Ihre E-Mail:\n\t<\/p>\n\t<p class=\"c\"><span class=\"wpcf7-form-control-wrap\" data-name=\"your-email\"><input size=\"40\" maxlength=\"400\" class=\"wpcf7-form-control wpcf7-email wpcf7-validates-as-required wpcf7-text wpcf7-validates-as-email\" aria-required=\"true\" aria-invalid=\"false\" placeholder=\"E-Mail\" value=\"\" type=\"email\" name=\"your-email\" \/><\/span>\n\t<\/p>\n\t<p class=\"t\">Nachricht:\n\t<\/p>\n\t<p class=\"c\"><span class=\"wpcf7-form-control-wrap\" data-name=\"your-message\"><textarea cols=\"40\" rows=\"10\" maxlength=\"2000\" class=\"wpcf7-form-control wpcf7-textarea wpcf7-validates-as-required\" aria-required=\"true\" aria-invalid=\"false\" placeholder=\"Ihre Nachricht\" name=\"your-message\"><\/textarea><\/span>\n\t<\/p>\n<div class=\"wpcf7-response-output\" aria-hidden=\"true\"><\/div>\n\t<p class=\"t\"><span class=\"wpcf7-form-control-wrap\" data-name=\"quiz-math\"><label><span class=\"wpcf7-quiz-label\">Bitte antworten Sie 1+5=?<\/span> <input size=\"40\" class=\"wpcf7-form-control wpcf7-quiz quiz\" autocomplete=\"off\" aria-required=\"true\" aria-invalid=\"false\" type=\"text\" name=\"quiz-math\" \/><\/label><input type=\"hidden\" name=\"_wpcf7_quiz_answer_quiz-math\" value=\"911af4a2584a95dbbb7c3e22ac8a96fa\" \/><\/span>\n\t<\/p>\n\t<p><input class=\"wpcf7-form-control wpcf7-submit has-spinner\" type=\"submit\" value=\"Senden Sie\" \/>\n\t<\/p>\n<\/div>\n<input type=\"hidden\" name=\"trp-form-language\" value=\"de\"\/><\/form>\n<\/div>\n<\/div>\n<\/div>\n\n\n<p>Zus\u00e4tzlich zu unserem Engagement f\u00fcr Qualit\u00e4t bieten wir auch eine Reihe von Anpassungen an, um die einzigartigen Bed\u00fcrfnisse unserer Kunden zu erf\u00fcllen. Unser Expertenteam arbeitet eng mit den Kunden zusammen, um ihre Anforderungen zu verstehen und ma\u00dfgeschneiderte L\u00f6sungen anzubieten, die ihre spezifischen Bed\u00fcrfnisse erf\u00fcllen. Ganz gleich, ob es sich um einen ODM- oder OEM-Auftrag handelt, wir sind f\u00fcr alle F\u00e4lle ger\u00fcstet.<\/p>\n\n\n\n<p>Unsere Acrylboxen sind sehr gefragt und werden weltweit in L\u00e4nder wie die USA, Europa, Australien, Japan und den Nahen Osten exportiert. Wir sind stolz darauf, langj\u00e4hrige Beziehungen zu unseren Kunden aufgebaut zu haben, die darauf vertrauen, dass wir ihnen qualitativ hochwertige Acrylboxen liefern k\u00f6nnen, die ihren Anforderungen entsprechen.<\/p>\n\n\n\n<p>Fazit: Wenn Sie einen zuverl\u00e4ssigen und vertrauensw\u00fcrdigen Hersteller von Acrylboxen suchen, sind Sie bei Sunday Knight Co. genau richtig. Mit einem starken Engagement f\u00fcr Qualit\u00e4t, einer Reihe von Anpassungen und einem engagierten Expertenteam sind wir die ideale Wahl f\u00fcr alle Ihre Bed\u00fcrfnisse im Bereich Acrylboxen.<\/p>\n\n\n\n<p class=\"has-vivid-purple-color has-text-color has-large-font-size\"><strong>Warum sollten Sie uns w\u00e4hlen?<\/strong><\/p>\n\n\n\n<p class=\"has-black-color has-text-color has-medium-font-size\"><strong>Fabrikdirektverkauf<\/strong><\/p>\n\n\n\n<p class=\"has-black-color has-text-color\">Ohne Zwischenh\u00e4ndler k\u00f6nnen Sie eine Menge Geld sparen!<\/p>\n\n\n\n<p class=\"has-black-color has-text-color has-medium-font-size\"><strong>Garantierte Qualit\u00e4t<\/strong><\/p>\n\n\n\n<p>100% Zufriedenheit garantiert <\/p>\n\n\n\n<p class=\"has-black-color has-text-color has-medium-font-size\"><strong>Personalisierter Anpassungsservice<\/strong><\/p>\n\n\n\n<p>Sagen Sie uns einfach, was Sie wollen, wir machen den Rest.<\/p>\n\n\n\n<p class=\"has-black-color has-text-color has-medium-font-size\"><strong>Schnelle Lieferzeiten<\/strong><\/p>\n\n\n\n<p>Wir sind ein direkter Hersteller, wir k\u00f6nnen unseren Produktionsplan anpassen, um dringende Kundenauftr\u00e4ge zu erf\u00fcllen!<\/p>\n\n\n\n<p class=\"has-black-color has-text-color has-medium-font-size\"><strong>Unsere Erfahrung<\/strong><\/p>\n\n\n\n<p>Viele Jahre Erfahrung in der Herstellung von Acryl-Displays.  Angebotene OEM und ODM f\u00fcr viele ber\u00fchmte Kunden.<\/p>","protected":false},"excerpt":{"rendered":"","protected":false},"author":2,"featured_media":0,"parent":0,"menu_order":0,"comment_status":"closed","ping_status":"closed","template":"","meta":{"footnotes":""},"class_list":["post-55","page","type-page","status-publish","hentry"],"yoast_head":"<!-- This site is optimized with the Yoast SEO plugin v27.4 - https:\/\/yoast.com\/product\/yoast-seo-wordpress\/ -->\n<title>About us - Chinese acrylic box factory offer custom service<\/title>\n<meta name=\"description\" content=\"We specialized in making acrylic box, plexiglass box, perspex box, acrylic display box, acrylic storage box, acrylic donation box, acrylic ballot box, etc.\" \/>\n<meta name=\"robots\" content=\"index, follow, max-snippet:-1, max-image-preview:large, max-video-preview:-1\" \/>\n<link rel=\"canonical\" href=\"https:\/\/www.s-k.ltd\/de\/about-us\/\" \/>\n<meta property=\"og:locale\" content=\"de_DE\" \/>\n<meta property=\"og:type\" content=\"article\" \/>\n<meta property=\"og:title\" content=\"About us - Chinese acrylic box factory offer custom service\" \/>\n<meta property=\"og:description\" content=\"We specialized in making acrylic box, plexiglass box, perspex box, acrylic display box, acrylic storage box, acrylic donation box, acrylic ballot box, etc.\" \/>\n<meta property=\"og:url\" content=\"https:\/\/www.s-k.ltd\/de\/about-us\/\" \/>\n<meta property=\"og:site_name\" content=\"Custom acrylic box, perspex box, lucite box , China factory direct wholesale\" \/>\n<meta property=\"article:modified_time\" content=\"2023-02-13T07:42:11+00:00\" \/>\n<meta property=\"og:image\" content=\"https:\/\/www.s-k.ltd\/wp-content\/uploads\/2022\/10\/Our-workshop.webp\" \/>\n<meta name=\"twitter:label1\" content=\"Gesch\u00e4tzte Lesezeit\" \/>\n\t<meta name=\"twitter:data1\" content=\"2\u00a0Minuten\" \/>\n<script type=\"application\/ld+json\" class=\"yoast-schema-graph\">{\"@context\":\"https:\\\/\\\/schema.org\",\"@graph\":[{\"@type\":\"WebPage\",\"@id\":\"https:\\\/\\\/www.s-k.ltd\\\/about-us\\\/\",\"url\":\"https:\\\/\\\/www.s-k.ltd\\\/about-us\\\/\",\"name\":\"About us - Chinese acrylic box factory offer custom service\",\"isPartOf\":{\"@id\":\"https:\\\/\\\/www.s-k.ltd\\\/#website\"},\"primaryImageOfPage\":{\"@id\":\"https:\\\/\\\/www.s-k.ltd\\\/about-us\\\/#primaryimage\"},\"image\":{\"@id\":\"https:\\\/\\\/www.s-k.ltd\\\/about-us\\\/#primaryimage\"},\"thumbnailUrl\":\"https:\\\/\\\/www.s-k.ltd\\\/wp-content\\\/uploads\\\/2022\\\/10\\\/Our-workshop.webp\",\"datePublished\":\"2016-12-02T05:37:39+00:00\",\"dateModified\":\"2023-02-13T07:42:11+00:00\",\"description\":\"We specialized in making acrylic box, plexiglass box, perspex box, acrylic display box, acrylic storage box, acrylic donation box, acrylic ballot box, etc.\",\"breadcrumb\":{\"@id\":\"https:\\\/\\\/www.s-k.ltd\\\/about-us\\\/#breadcrumb\"},\"inLanguage\":\"de\",\"potentialAction\":[{\"@type\":\"ReadAction\",\"target\":[\"https:\\\/\\\/www.s-k.ltd\\\/about-us\\\/\"]}]},{\"@type\":\"ImageObject\",\"inLanguage\":\"de\",\"@id\":\"https:\\\/\\\/www.s-k.ltd\\\/about-us\\\/#primaryimage\",\"url\":\"https:\\\/\\\/www.s-k.ltd\\\/wp-content\\\/uploads\\\/2022\\\/10\\\/Our-workshop.webp\",\"contentUrl\":\"https:\\\/\\\/www.s-k.ltd\\\/wp-content\\\/uploads\\\/2022\\\/10\\\/Our-workshop.webp\"},{\"@type\":\"BreadcrumbList\",\"@id\":\"https:\\\/\\\/www.s-k.ltd\\\/about-us\\\/#breadcrumb\",\"itemListElement\":[{\"@type\":\"ListItem\",\"position\":1,\"name\":\"\u9996\u9875\",\"item\":\"https:\\\/\\\/www.s-k.ltd\\\/\"},{\"@type\":\"ListItem\",\"position\":2,\"name\":\"About us\"}]},{\"@type\":\"WebSite\",\"@id\":\"https:\\\/\\\/www.s-k.ltd\\\/#website\",\"url\":\"https:\\\/\\\/www.s-k.ltd\\\/\",\"name\":\"Sunday Knight Acrylic Box\",\"description\":\"China acrylic box manufacturer\",\"potentialAction\":[{\"@type\":\"SearchAction\",\"target\":{\"@type\":\"EntryPoint\",\"urlTemplate\":\"https:\\\/\\\/www.s-k.ltd\\\/?s={search_term_string}\"},\"query-input\":{\"@type\":\"PropertyValueSpecification\",\"valueRequired\":true,\"valueName\":\"search_term_string\"}}],\"inLanguage\":\"de\"}]}<\/script>\n<!-- \/ Yoast SEO plugin. -->","yoast_head_json":{"title":"\u00dcber uns - Chinesische Acryl-Box-Fabrik bietet kundenspezifischen Service","description":"Wir haben uns auf die Herstellung von Acrylboxen, Plexiglasboxen, Plexiglasboxen, Acryl-Displayboxen, Acryl-Aufbewahrungsboxen, Acryl-Spendenboxen, Acryl-Wahlurnenboxen usw. spezialisiert.","robots":{"index":"index","follow":"follow","max-snippet":"max-snippet:-1","max-image-preview":"max-image-preview:large","max-video-preview":"max-video-preview:-1"},"canonical":"https:\/\/www.s-k.ltd\/de\/about-us\/","og_locale":"de_DE","og_type":"article","og_title":"About us - Chinese acrylic box factory offer custom service","og_description":"We specialized in making acrylic box, plexiglass box, perspex box, acrylic display box, acrylic storage box, acrylic donation box, acrylic ballot box, etc.","og_url":"https:\/\/www.s-k.ltd\/de\/about-us\/","og_site_name":"Custom acrylic box, perspex box, lucite box , China factory direct wholesale","article_modified_time":"2023-02-13T07:42:11+00:00","og_image":[{"url":"https:\/\/www.s-k.ltd\/wp-content\/uploads\/2022\/10\/Our-workshop.webp","type":"","width":"","height":""}],"twitter_misc":{"Gesch\u00e4tzte Lesezeit":"2\u00a0Minuten"},"schema":{"@context":"https:\/\/schema.org","@graph":[{"@type":"WebPage","@id":"https:\/\/www.s-k.ltd\/about-us\/","url":"https:\/\/www.s-k.ltd\/about-us\/","name":"\u00dcber uns - Chinesische Acryl-Box-Fabrik bietet kundenspezifischen Service","isPartOf":{"@id":"https:\/\/www.s-k.ltd\/#website"},"primaryImageOfPage":{"@id":"https:\/\/www.s-k.ltd\/about-us\/#primaryimage"},"image":{"@id":"https:\/\/www.s-k.ltd\/about-us\/#primaryimage"},"thumbnailUrl":"https:\/\/www.s-k.ltd\/wp-content\/uploads\/2022\/10\/Our-workshop.webp","datePublished":"2016-12-02T05:37:39+00:00","dateModified":"2023-02-13T07:42:11+00:00","description":"Wir haben uns auf die Herstellung von Acrylboxen, Plexiglasboxen, Plexiglasboxen, Acryl-Displayboxen, Acryl-Aufbewahrungsboxen, Acryl-Spendenboxen, Acryl-Wahlurnenboxen usw. spezialisiert.","breadcrumb":{"@id":"https:\/\/www.s-k.ltd\/about-us\/#breadcrumb"},"inLanguage":"de","potentialAction":[{"@type":"ReadAction","target":["https:\/\/www.s-k.ltd\/about-us\/"]}]},{"@type":"ImageObject","inLanguage":"de","@id":"https:\/\/www.s-k.ltd\/about-us\/#primaryimage","url":"https:\/\/www.s-k.ltd\/wp-content\/uploads\/2022\/10\/Our-workshop.webp","contentUrl":"https:\/\/www.s-k.ltd\/wp-content\/uploads\/2022\/10\/Our-workshop.webp"},{"@type":"BreadcrumbList","@id":"https:\/\/www.s-k.ltd\/about-us\/#breadcrumb","itemListElement":[{"@type":"ListItem","position":1,"name":"\u9996\u9875","item":"https:\/\/www.s-k.ltd\/"},{"@type":"ListItem","position":2,"name":"About us"}]},{"@type":"WebSite","@id":"https:\/\/www.s-k.ltd\/#website","url":"https:\/\/www.s-k.ltd\/","name":"Sonntagsritter-Acrylbox","description":"China Acryl-Box Hersteller","potentialAction":[{"@type":"SearchAction","target":{"@type":"EntryPoint","urlTemplate":"https:\/\/www.s-k.ltd\/?s={search_term_string}"},"query-input":{"@type":"PropertyValueSpecification","valueRequired":true,"valueName":"search_term_string"}}],"inLanguage":"de"}]}},"_links":{"self":[{"href":"https:\/\/www.s-k.ltd\/de\/wp-json\/wp\/v2\/pages\/55","targetHints":{"allow":["GET"]}}],"collection":[{"href":"https:\/\/www.s-k.ltd\/de\/wp-json\/wp\/v2\/pages"}],"about":[{"href":"https:\/\/www.s-k.ltd\/de\/wp-json\/wp\/v2\/types\/page"}],"author":[{"embeddable":true,"href":"https:\/\/www.s-k.ltd\/de\/wp-json\/wp\/v2\/users\/2"}],"replies":[{"embeddable":true,"href":"https:\/\/www.s-k.ltd\/de\/wp-json\/wp\/v2\/comments?post=55"}],"version-history":[{"count":0,"href":"https:\/\/www.s-k.ltd\/de\/wp-json\/wp\/v2\/pages\/55\/revisions"}],"wp:attachment":[{"href":"https:\/\/www.s-k.ltd\/de\/wp-json\/wp\/v2\/media?parent=55"}],"curies":[{"name":"wp","href":"https:\/\/api.w.org\/{rel}","templated":true}]}}