{"id":2416,"date":"2016-12-04T18:23:53","date_gmt":"2016-12-04T10:23:53","guid":{"rendered":"http:\/\/rt18-t1030.bshark.com\/?page_id=2416"},"modified":"2019-03-09T01:40:37","modified_gmt":"2019-03-09T09:40:37","slug":"products","status":"publish","type":"page","link":"https:\/\/www.s-k.ltd\/es\/products\/","title":{"rendered":"Productos"},"content":{"rendered":"","protected":false},"excerpt":{"rendered":"","protected":false},"author":2,"featured_media":0,"parent":0,"menu_order":0,"comment_status":"open","ping_status":"closed","template":"","meta":{"footnotes":""},"class_list":["post-2416","page","type-page","status-publish","hentry"],"yoast_head":"<!-- This site is optimized with the Yoast SEO plugin v27.4 - https:\/\/yoast.com\/product\/yoast-seo-wordpress\/ -->\n<title>Acrylic box, plexiglass box, perspex box, lucite box - Custom made service<\/title>\n<meta name=\"description\" content=\"China manufacturer wholesale custom acrylic box, perspex display box, lucite storage box, clear donation box, plexiglass ballot box, acrylic makeup box.\" \/>\n<meta name=\"robots\" content=\"index, follow, max-snippet:-1, max-image-preview:large, max-video-preview:-1\" \/>\n<link rel=\"canonical\" href=\"https:\/\/www.s-k.ltd\/es\/products\/\" \/>\n<meta property=\"og:locale\" content=\"es_ES\" \/>\n<meta property=\"og:type\" content=\"article\" \/>\n<meta property=\"og:title\" content=\"Acrylic box, plexiglass box, perspex box, lucite box - Custom made service\" \/>\n<meta property=\"og:description\" content=\"China manufacturer wholesale custom acrylic box, perspex display box, lucite storage box, clear donation box, plexiglass ballot box, acrylic makeup box.\" \/>\n<meta property=\"og:url\" content=\"https:\/\/www.s-k.ltd\/es\/products\/\" \/>\n<meta property=\"og:site_name\" content=\"Custom acrylic box, perspex box, lucite box , China factory direct wholesale\" \/>\n<meta property=\"article:modified_time\" content=\"2019-03-09T09:40:37+00:00\" \/>\n<script type=\"application\/ld+json\" class=\"yoast-schema-graph\">{\"@context\":\"https:\\\/\\\/schema.org\",\"@graph\":[{\"@type\":\"WebPage\",\"@id\":\"https:\\\/\\\/www.s-k.ltd\\\/products\\\/\",\"url\":\"https:\\\/\\\/www.s-k.ltd\\\/products\\\/\",\"name\":\"Acrylic box, plexiglass box, perspex box, lucite box - Custom made service\",\"isPartOf\":{\"@id\":\"https:\\\/\\\/www.s-k.ltd\\\/#website\"},\"datePublished\":\"2016-12-04T10:23:53+00:00\",\"dateModified\":\"2019-03-09T09:40:37+00:00\",\"description\":\"China manufacturer wholesale custom acrylic box, perspex display box, lucite storage box, clear donation box, plexiglass ballot box, acrylic makeup box.\",\"breadcrumb\":{\"@id\":\"https:\\\/\\\/www.s-k.ltd\\\/products\\\/#breadcrumb\"},\"inLanguage\":\"es\",\"potentialAction\":[{\"@type\":\"ReadAction\",\"target\":[\"https:\\\/\\\/www.s-k.ltd\\\/products\\\/\"]}]},{\"@type\":\"BreadcrumbList\",\"@id\":\"https:\\\/\\\/www.s-k.ltd\\\/products\\\/#breadcrumb\",\"itemListElement\":[{\"@type\":\"ListItem\",\"position\":1,\"name\":\"\u9996\u9875\",\"item\":\"https:\\\/\\\/www.s-k.ltd\\\/\"},{\"@type\":\"ListItem\",\"position\":2,\"name\":\"Products\"}]},{\"@type\":\"WebSite\",\"@id\":\"https:\\\/\\\/www.s-k.ltd\\\/#website\",\"url\":\"https:\\\/\\\/www.s-k.ltd\\\/\",\"name\":\"Sunday Knight Acrylic Box\",\"description\":\"China acrylic box manufacturer\",\"potentialAction\":[{\"@type\":\"SearchAction\",\"target\":{\"@type\":\"EntryPoint\",\"urlTemplate\":\"https:\\\/\\\/www.s-k.ltd\\\/?s={search_term_string}\"},\"query-input\":{\"@type\":\"PropertyValueSpecification\",\"valueRequired\":true,\"valueName\":\"search_term_string\"}}],\"inLanguage\":\"es\"}]}<\/script>\n<!-- \/ Yoast SEO plugin. -->","yoast_head_json":{"title":"Caja acr\u00edlica, caja de plexigl\u00e1s, caja de plexigl\u00e1s, caja de lucite - Servicio a medida","description":"China fabricante al por mayor caja de acr\u00edlico personalizado, caja de exhibici\u00f3n de plexigl\u00e1s, caja de almacenamiento de lucite, caja de donaci\u00f3n clara, caja de votaci\u00f3n de plexigl\u00e1s, caja de maquillaje de acr\u00edlico.","robots":{"index":"index","follow":"follow","max-snippet":"max-snippet:-1","max-image-preview":"max-image-preview:large","max-video-preview":"max-video-preview:-1"},"canonical":"https:\/\/www.s-k.ltd\/es\/products\/","og_locale":"es_ES","og_type":"article","og_title":"Acrylic box, plexiglass box, perspex box, lucite box - Custom made service","og_description":"China manufacturer wholesale custom acrylic box, perspex display box, lucite storage box, clear donation box, plexiglass ballot box, acrylic makeup box.","og_url":"https:\/\/www.s-k.ltd\/es\/products\/","og_site_name":"Custom acrylic box, perspex box, lucite box , China factory direct wholesale","article_modified_time":"2019-03-09T09:40:37+00:00","schema":{"@context":"https:\/\/schema.org","@graph":[{"@type":"WebPage","@id":"https:\/\/www.s-k.ltd\/products\/","url":"https:\/\/www.s-k.ltd\/products\/","name":"Caja acr\u00edlica, caja de plexigl\u00e1s, caja de plexigl\u00e1s, caja de lucite - Servicio a medida","isPartOf":{"@id":"https:\/\/www.s-k.ltd\/#website"},"datePublished":"2016-12-04T10:23:53+00:00","dateModified":"2019-03-09T09:40:37+00:00","description":"China fabricante al por mayor caja de acr\u00edlico personalizado, caja de exhibici\u00f3n de plexigl\u00e1s, caja de almacenamiento de lucite, caja de donaci\u00f3n clara, caja de votaci\u00f3n de plexigl\u00e1s, caja de maquillaje de acr\u00edlico.","breadcrumb":{"@id":"https:\/\/www.s-k.ltd\/products\/#breadcrumb"},"inLanguage":"es","potentialAction":[{"@type":"ReadAction","target":["https:\/\/www.s-k.ltd\/products\/"]}]},{"@type":"BreadcrumbList","@id":"https:\/\/www.s-k.ltd\/products\/#breadcrumb","itemListElement":[{"@type":"ListItem","position":1,"name":"\u9996\u9875","item":"https:\/\/www.s-k.ltd\/"},{"@type":"ListItem","position":2,"name":"Products"}]},{"@type":"WebSite","@id":"https:\/\/www.s-k.ltd\/#website","url":"https:\/\/www.s-k.ltd\/","name":"Caja acr\u00edlica Sunday Knight","description":"China fabricante de cajas acr\u00edlicas","potentialAction":[{"@type":"SearchAction","target":{"@type":"EntryPoint","urlTemplate":"https:\/\/www.s-k.ltd\/?s={search_term_string}"},"query-input":{"@type":"PropertyValueSpecification","valueRequired":true,"valueName":"search_term_string"}}],"inLanguage":"es"}]}},"_links":{"self":[{"href":"https:\/\/www.s-k.ltd\/es\/wp-json\/wp\/v2\/pages\/2416","targetHints":{"allow":["GET"]}}],"collection":[{"href":"https:\/\/www.s-k.ltd\/es\/wp-json\/wp\/v2\/pages"}],"about":[{"href":"https:\/\/www.s-k.ltd\/es\/wp-json\/wp\/v2\/types\/page"}],"author":[{"embeddable":true,"href":"https:\/\/www.s-k.ltd\/es\/wp-json\/wp\/v2\/users\/2"}],"replies":[{"embeddable":true,"href":"https:\/\/www.s-k.ltd\/es\/wp-json\/wp\/v2\/comments?post=2416"}],"version-history":[{"count":0,"href":"https:\/\/www.s-k.ltd\/es\/wp-json\/wp\/v2\/pages\/2416\/revisions"}],"wp:attachment":[{"href":"https:\/\/www.s-k.ltd\/es\/wp-json\/wp\/v2\/media?parent=2416"}],"curies":[{"name":"wp","href":"https:\/\/api.w.org\/{rel}","templated":true}]}}