{"id":55,"date":"2016-12-02T13:37:39","date_gmt":"2016-12-02T05:37:39","guid":{"rendered":"http:\/\/rt18-t1028.bshark.com\/?page_id=55"},"modified":"2023-02-12T23:42:11","modified_gmt":"2023-02-13T07:42:11","slug":"about-us","status":"publish","type":"page","link":"https:\/\/www.s-k.ltd\/fr\/about-us\/","title":{"rendered":"A propos de nous"},"content":{"rendered":"<p>Sunday Knight Co. est un fabricant renomm\u00e9 de produits de haute qualit\u00e9. <strong>bo\u00eetes en acrylique<\/strong> bas\u00e9e \u00e0 Dongguan, dans la province du Guangdong, en Chine. Notre entreprise a \u00e9t\u00e9 fond\u00e9e en 2012 et s'est depuis forg\u00e9 une solide r\u00e9putation en tant que fournisseur leader de bo\u00eetes en acrylique personnalis\u00e9es. Notre vaste gamme de produits comprend un large \u00e9ventail de bo\u00eetes en acrylique, telles que des bo\u00eetes en plexiglas, des bo\u00eetes en perspex, des vitrines en acrylique, des bo\u00eetes de pr\u00e9sentation en acrylique, des bo\u00eetes de rangement en acrylique, des bo\u00eetes de dons en acrylique, des urnes \u00e9lectorales en acrylique, des bo\u00eetes \u00e0 maquillage en acrylique, des vitrines en plexiglas, des \u00e9tuis en acrylique, des bo\u00eetes \u00e0 suggestions, des conteneurs en acrylique, des conteneurs de stockage en acrylique, des bo\u00eetes en lucite, des bo\u00eetes \u00e0 chaussures en acrylique, des bo\u00eetes \u00e0 fleurs en acrylique et des bo\u00eetes \u00e0 roses en acrylique.<\/p>\n<p>Chez Sunday Knight Co, Ltd, nous comprenons l'importance de la qualit\u00e9 et de la satisfaction du client. C'est pourquoi nous avons investi dans des ateliers sp\u00e9cialis\u00e9s, des employ\u00e9s qualifi\u00e9s et des machines performantes afin de garantir la livraison de produits r\u00e9pondant aux normes les plus strictes. Notre souci de la qualit\u00e9 nous a valu une solide r\u00e9putation dans l'industrie et nous a permis de devenir l'un des principaux fabricants de bo\u00eetes en acrylique en Chine.<\/p>\n<p><img decoding=\"async\" class=\"size-full wp-image-21459 aligncenter\" src=\"https:\/\/www.s-k.ltd\/wp-content\/uploads\/2022\/10\/Our-workshop.webp\" alt=\"Notre atelier\" width=\"1000\" height=\"679\" srcset=\"https:\/\/www.s-k.ltd\/wp-content\/uploads\/2022\/10\/Our-workshop.webp 1000w, https:\/\/www.s-k.ltd\/wp-content\/uploads\/2022\/10\/Our-workshop-400x272.webp 400w, https:\/\/www.s-k.ltd\/wp-content\/uploads\/2022\/10\/Our-workshop-768x521.webp 768w\" sizes=\"(max-width: 1000px) 100vw, 1000px\" \/><\/p>\n<div class=\"fancybox-hidden\" style=\"display: none;\">\n<div id=\"contact_form_pop\">\n<div class=\"wpcf7 no-js\" id=\"wpcf7-f2438-o1\" lang=\"en-US\" dir=\"ltr\" data-wpcf7-id=\"2438\">\n<div class=\"screen-reader-response\"><p role=\"status\" aria-live=\"polite\" aria-atomic=\"true\"><\/p> <ul><\/ul><\/div>\n<form action=\"\/fr\/wp-json\/wp\/v2\/pages\/55#wpcf7-f2438-o1\" method=\"post\" class=\"wpcf7-form init\" aria-label=\"Formulaire de contact\" novalidate=\"novalidate\" data-status=\"init\" data-trp-original-action=\"\/fr\/wp-json\/wp\/v2\/pages\/55#wpcf7-f2438-o1\">\n<fieldset class=\"hidden-fields-container\"><input type=\"hidden\" name=\"_wpcf7\" value=\"2438\" \/><input type=\"hidden\" name=\"_wpcf7_version\" value=\"6.1.5\" \/><input type=\"hidden\" name=\"_wpcf7_locale\" value=\"en_US\" \/><input type=\"hidden\" name=\"_wpcf7_unit_tag\" value=\"wpcf7-f2438-o1\" \/><input type=\"hidden\" name=\"_wpcf7_container_post\" value=\"0\" \/><input type=\"hidden\" name=\"_wpcf7_posted_data_hash\" value=\"\" \/>\n<\/fieldset>\n<div id=\"enquiry-form\">\n\t<p class=\"t\">Votre nom :\n\t<\/p>\n\t<p class=\"c\"><span class=\"wpcf7-form-control-wrap\" data-name=\"your-name\"><input size=\"40\" maxlength=\"400\" class=\"wpcf7-form-control wpcf7-text wpcf7-validates-as-required\" aria-required=\"true\" aria-invalid=\"false\" placeholder=\"Nom\" value=\"\" type=\"text\" name=\"your-name\" \/><\/span>\n\t<\/p>\n\t<p class=\"t\">Votre courriel :\n\t<\/p>\n\t<p class=\"c\"><span class=\"wpcf7-form-control-wrap\" data-name=\"your-email\"><input size=\"40\" maxlength=\"400\" class=\"wpcf7-form-control wpcf7-email wpcf7-validates-as-required wpcf7-text wpcf7-validates-as-email\" aria-required=\"true\" aria-invalid=\"false\" placeholder=\"Courriel\" value=\"\" type=\"email\" name=\"your-email\" \/><\/span>\n\t<\/p>\n\t<p class=\"t\">Message :\n\t<\/p>\n\t<p class=\"c\"><span class=\"wpcf7-form-control-wrap\" data-name=\"your-message\"><textarea cols=\"40\" rows=\"10\" maxlength=\"2000\" class=\"wpcf7-form-control wpcf7-textarea wpcf7-validates-as-required\" aria-required=\"true\" aria-invalid=\"false\" placeholder=\"Votre message\" name=\"your-message\"><\/textarea><\/span>\n\t<\/p>\n<div class=\"wpcf7-response-output\" aria-hidden=\"true\"><\/div>\n\t<p class=\"t\"><span class=\"wpcf7-form-control-wrap\" data-name=\"quiz-math\"><label><span class=\"wpcf7-quiz-label\">Veuillez r\u00e9pondre \u00e0 1+8= ?<\/span> <input size=\"40\" class=\"wpcf7-form-control wpcf7-quiz quiz\" autocomplete=\"off\" aria-required=\"true\" aria-invalid=\"false\" type=\"text\" name=\"quiz-math\" \/><\/label><input type=\"hidden\" name=\"_wpcf7_quiz_answer_quiz-math\" value=\"2fab22449dda60e3b24d7f853828c333\" \/><\/span>\n\t<\/p>\n\t<p><input class=\"wpcf7-form-control wpcf7-submit has-spinner\" type=\"submit\" value=\"Envoyer\" \/>\n\t<\/p>\n<\/div>\n<input type=\"hidden\" name=\"trp-form-language\" value=\"fr\"\/><\/form>\n<\/div>\n<\/div>\n<\/div>\n\n\n<p>Outre notre engagement en faveur de la qualit\u00e9, nous proposons \u00e9galement une gamme de personnalisations pour r\u00e9pondre aux besoins uniques de nos clients. Notre \u00e9quipe d'experts se consacre \u00e0 travailler en \u00e9troite collaboration avec les clients pour comprendre leurs exigences et fournir des solutions personnalis\u00e9es qui r\u00e9pondent \u00e0 leurs besoins sp\u00e9cifiques. Qu'il s'agisse d'une commande ODM ou OEM, nous sommes \u00e9quip\u00e9s pour tout g\u00e9rer.<\/p>\n\n\n\n<p>Nos bo\u00eetes en acrylique sont tr\u00e8s demand\u00e9es et sont export\u00e9es vers des pays tels que les \u00c9tats-Unis, l'Europe, l'Australie, le Japon et le Moyen-Orient. Nous sommes fiers d'avoir \u00e9tabli des relations durables avec nos clients, qui ont confiance en notre capacit\u00e9 \u00e0 leur fournir des bo\u00eetes en acrylique de haute qualit\u00e9 r\u00e9pondant \u00e0 leurs besoins.<\/p>\n\n\n\n<p>En conclusion, si vous \u00eates \u00e0 la recherche d'un fabricant de bo\u00eetes en acrylique fiable et digne de confiance, ne cherchez pas plus loin que Sunday Knight Co. Avec un engagement fort envers la qualit\u00e9, une gamme de personnalisations et une \u00e9quipe d'experts d\u00e9vou\u00e9s, nous sommes le choix id\u00e9al pour tous vos besoins en mati\u00e8re de bo\u00eetes en acrylique.<\/p>\n\n\n\n<p class=\"has-vivid-purple-color has-text-color has-large-font-size\"><strong>Pourquoi nous choisir ?<\/strong><\/p>\n\n\n\n<p class=\"has-black-color has-text-color has-medium-font-size\"><strong>Vente directe d'usine<\/strong><\/p>\n\n\n\n<p class=\"has-black-color has-text-color\">Sans interm\u00e9diaire, vous pouvez \u00e9conomiser beaucoup d'argent !<\/p>\n\n\n\n<p class=\"has-black-color has-text-color has-medium-font-size\"><strong>Qualit\u00e9 garantie<\/strong><\/p>\n\n\n\n<p>100% satisfaction garantie <\/p>\n\n\n\n<p class=\"has-black-color has-text-color has-medium-font-size\"><strong>Service de personnalisation<\/strong><\/p>\n\n\n\n<p>Dites-nous ce que vous voulez, nous nous occupons du reste.<\/p>\n\n\n\n<p class=\"has-black-color has-text-color has-medium-font-size\"><strong>D\u00e9lai de livraison rapide<\/strong><\/p>\n\n\n\n<p>Nous sommes un fabricant direct, nous pouvons adapter notre calendrier de production pour r\u00e9pondre aux commandes urgentes des clients !<\/p>\n\n\n\n<p class=\"has-black-color has-text-color has-medium-font-size\"><strong>Notre exp\u00e9rience<\/strong><\/p>\n\n\n\n<p>Nombreuses ann\u00e9es d'exp\u00e9rience dans la fabrication de pr\u00e9sentoirs en acrylique.  Nous proposons des services OEM et ODM \u00e0 de nombreux clients renomm\u00e9s.<\/p>","protected":false},"excerpt":{"rendered":"","protected":false},"author":2,"featured_media":0,"parent":0,"menu_order":0,"comment_status":"closed","ping_status":"closed","template":"","meta":{"footnotes":""},"class_list":["post-55","page","type-page","status-publish","hentry"],"yoast_head":"<!-- This site is optimized with the Yoast SEO plugin v27.4 - https:\/\/yoast.com\/product\/yoast-seo-wordpress\/ -->\n<title>About us - Chinese acrylic box factory offer custom service<\/title>\n<meta name=\"description\" content=\"We specialized in making acrylic box, plexiglass box, perspex box, acrylic display box, acrylic storage box, acrylic donation box, acrylic ballot box, etc.\" \/>\n<meta name=\"robots\" content=\"index, follow, max-snippet:-1, max-image-preview:large, max-video-preview:-1\" \/>\n<link rel=\"canonical\" href=\"https:\/\/www.s-k.ltd\/fr\/about-us\/\" \/>\n<meta property=\"og:locale\" content=\"fr_FR\" \/>\n<meta property=\"og:type\" content=\"article\" \/>\n<meta property=\"og:title\" content=\"About us - Chinese acrylic box factory offer custom service\" \/>\n<meta property=\"og:description\" content=\"We specialized in making acrylic box, plexiglass box, perspex box, acrylic display box, acrylic storage box, acrylic donation box, acrylic ballot box, etc.\" \/>\n<meta property=\"og:url\" content=\"https:\/\/www.s-k.ltd\/fr\/about-us\/\" \/>\n<meta property=\"og:site_name\" content=\"Custom acrylic box, perspex box, lucite box , China factory direct wholesale\" \/>\n<meta property=\"article:modified_time\" content=\"2023-02-13T07:42:11+00:00\" \/>\n<meta property=\"og:image\" content=\"https:\/\/www.s-k.ltd\/wp-content\/uploads\/2022\/10\/Our-workshop.webp\" \/>\n<meta name=\"twitter:label1\" content=\"Dur\u00e9e de lecture estim\u00e9e\" \/>\n\t<meta name=\"twitter:data1\" content=\"2 minutes\" \/>\n<script type=\"application\/ld+json\" class=\"yoast-schema-graph\">{\"@context\":\"https:\\\/\\\/schema.org\",\"@graph\":[{\"@type\":\"WebPage\",\"@id\":\"https:\\\/\\\/www.s-k.ltd\\\/about-us\\\/\",\"url\":\"https:\\\/\\\/www.s-k.ltd\\\/about-us\\\/\",\"name\":\"About us - Chinese acrylic box factory offer custom service\",\"isPartOf\":{\"@id\":\"https:\\\/\\\/www.s-k.ltd\\\/#website\"},\"primaryImageOfPage\":{\"@id\":\"https:\\\/\\\/www.s-k.ltd\\\/about-us\\\/#primaryimage\"},\"image\":{\"@id\":\"https:\\\/\\\/www.s-k.ltd\\\/about-us\\\/#primaryimage\"},\"thumbnailUrl\":\"https:\\\/\\\/www.s-k.ltd\\\/wp-content\\\/uploads\\\/2022\\\/10\\\/Our-workshop.webp\",\"datePublished\":\"2016-12-02T05:37:39+00:00\",\"dateModified\":\"2023-02-13T07:42:11+00:00\",\"description\":\"We specialized in making acrylic box, plexiglass box, perspex box, acrylic display box, acrylic storage box, acrylic donation box, acrylic ballot box, etc.\",\"breadcrumb\":{\"@id\":\"https:\\\/\\\/www.s-k.ltd\\\/about-us\\\/#breadcrumb\"},\"inLanguage\":\"fr-FR\",\"potentialAction\":[{\"@type\":\"ReadAction\",\"target\":[\"https:\\\/\\\/www.s-k.ltd\\\/about-us\\\/\"]}]},{\"@type\":\"ImageObject\",\"inLanguage\":\"fr-FR\",\"@id\":\"https:\\\/\\\/www.s-k.ltd\\\/about-us\\\/#primaryimage\",\"url\":\"https:\\\/\\\/www.s-k.ltd\\\/wp-content\\\/uploads\\\/2022\\\/10\\\/Our-workshop.webp\",\"contentUrl\":\"https:\\\/\\\/www.s-k.ltd\\\/wp-content\\\/uploads\\\/2022\\\/10\\\/Our-workshop.webp\"},{\"@type\":\"BreadcrumbList\",\"@id\":\"https:\\\/\\\/www.s-k.ltd\\\/about-us\\\/#breadcrumb\",\"itemListElement\":[{\"@type\":\"ListItem\",\"position\":1,\"name\":\"\u9996\u9875\",\"item\":\"https:\\\/\\\/www.s-k.ltd\\\/\"},{\"@type\":\"ListItem\",\"position\":2,\"name\":\"About us\"}]},{\"@type\":\"WebSite\",\"@id\":\"https:\\\/\\\/www.s-k.ltd\\\/#website\",\"url\":\"https:\\\/\\\/www.s-k.ltd\\\/\",\"name\":\"Sunday Knight Acrylic Box\",\"description\":\"China acrylic box manufacturer\",\"potentialAction\":[{\"@type\":\"SearchAction\",\"target\":{\"@type\":\"EntryPoint\",\"urlTemplate\":\"https:\\\/\\\/www.s-k.ltd\\\/?s={search_term_string}\"},\"query-input\":{\"@type\":\"PropertyValueSpecification\",\"valueRequired\":true,\"valueName\":\"search_term_string\"}}],\"inLanguage\":\"fr-FR\"}]}<\/script>\n<!-- \/ Yoast SEO plugin. -->","yoast_head_json":{"title":"A propos de nous - La fabrique chinoise de bo\u00eetes en acrylique offre un service sur mesure","description":"Nous sommes sp\u00e9cialis\u00e9s dans la fabrication de bo\u00eetes en acrylique, de bo\u00eetes en plexiglas, de bo\u00eetes en perspex, de bo\u00eetes d'exposition en acrylique, de bo\u00eetes de rangement en acrylique, de bo\u00eetes \u00e0 dons en acrylique, d'urnes en acrylique, etc.","robots":{"index":"index","follow":"follow","max-snippet":"max-snippet:-1","max-image-preview":"max-image-preview:large","max-video-preview":"max-video-preview:-1"},"canonical":"https:\/\/www.s-k.ltd\/fr\/about-us\/","og_locale":"fr_FR","og_type":"article","og_title":"About us - Chinese acrylic box factory offer custom service","og_description":"We specialized in making acrylic box, plexiglass box, perspex box, acrylic display box, acrylic storage box, acrylic donation box, acrylic ballot box, etc.","og_url":"https:\/\/www.s-k.ltd\/fr\/about-us\/","og_site_name":"Custom acrylic box, perspex box, lucite box , China factory direct wholesale","article_modified_time":"2023-02-13T07:42:11+00:00","og_image":[{"url":"https:\/\/www.s-k.ltd\/wp-content\/uploads\/2022\/10\/Our-workshop.webp","type":"","width":"","height":""}],"twitter_misc":{"Dur\u00e9e de lecture estim\u00e9e":"2 minutes"},"schema":{"@context":"https:\/\/schema.org","@graph":[{"@type":"WebPage","@id":"https:\/\/www.s-k.ltd\/about-us\/","url":"https:\/\/www.s-k.ltd\/about-us\/","name":"A propos de nous - La fabrique chinoise de bo\u00eetes en acrylique offre un service sur mesure","isPartOf":{"@id":"https:\/\/www.s-k.ltd\/#website"},"primaryImageOfPage":{"@id":"https:\/\/www.s-k.ltd\/about-us\/#primaryimage"},"image":{"@id":"https:\/\/www.s-k.ltd\/about-us\/#primaryimage"},"thumbnailUrl":"https:\/\/www.s-k.ltd\/wp-content\/uploads\/2022\/10\/Our-workshop.webp","datePublished":"2016-12-02T05:37:39+00:00","dateModified":"2023-02-13T07:42:11+00:00","description":"Nous sommes sp\u00e9cialis\u00e9s dans la fabrication de bo\u00eetes en acrylique, de bo\u00eetes en plexiglas, de bo\u00eetes en perspex, de bo\u00eetes d'exposition en acrylique, de bo\u00eetes de rangement en acrylique, de bo\u00eetes \u00e0 dons en acrylique, d'urnes en acrylique, etc.","breadcrumb":{"@id":"https:\/\/www.s-k.ltd\/about-us\/#breadcrumb"},"inLanguage":"fr-FR","potentialAction":[{"@type":"ReadAction","target":["https:\/\/www.s-k.ltd\/about-us\/"]}]},{"@type":"ImageObject","inLanguage":"fr-FR","@id":"https:\/\/www.s-k.ltd\/about-us\/#primaryimage","url":"https:\/\/www.s-k.ltd\/wp-content\/uploads\/2022\/10\/Our-workshop.webp","contentUrl":"https:\/\/www.s-k.ltd\/wp-content\/uploads\/2022\/10\/Our-workshop.webp"},{"@type":"BreadcrumbList","@id":"https:\/\/www.s-k.ltd\/about-us\/#breadcrumb","itemListElement":[{"@type":"ListItem","position":1,"name":"\u9996\u9875","item":"https:\/\/www.s-k.ltd\/"},{"@type":"ListItem","position":2,"name":"About us"}]},{"@type":"WebSite","@id":"https:\/\/www.s-k.ltd\/#website","url":"https:\/\/www.s-k.ltd\/","name":"Bo\u00eete en acrylique pour le chevalier du dimanche","description":"Fabricant chinois de bo\u00eetes en acrylique","potentialAction":[{"@type":"SearchAction","target":{"@type":"EntryPoint","urlTemplate":"https:\/\/www.s-k.ltd\/?s={search_term_string}"},"query-input":{"@type":"PropertyValueSpecification","valueRequired":true,"valueName":"search_term_string"}}],"inLanguage":"fr-FR"}]}},"_links":{"self":[{"href":"https:\/\/www.s-k.ltd\/fr\/wp-json\/wp\/v2\/pages\/55","targetHints":{"allow":["GET"]}}],"collection":[{"href":"https:\/\/www.s-k.ltd\/fr\/wp-json\/wp\/v2\/pages"}],"about":[{"href":"https:\/\/www.s-k.ltd\/fr\/wp-json\/wp\/v2\/types\/page"}],"author":[{"embeddable":true,"href":"https:\/\/www.s-k.ltd\/fr\/wp-json\/wp\/v2\/users\/2"}],"replies":[{"embeddable":true,"href":"https:\/\/www.s-k.ltd\/fr\/wp-json\/wp\/v2\/comments?post=55"}],"version-history":[{"count":0,"href":"https:\/\/www.s-k.ltd\/fr\/wp-json\/wp\/v2\/pages\/55\/revisions"}],"wp:attachment":[{"href":"https:\/\/www.s-k.ltd\/fr\/wp-json\/wp\/v2\/media?parent=55"}],"curies":[{"name":"wp","href":"https:\/\/api.w.org\/{rel}","templated":true}]}}