{"id":55,"date":"2016-12-02T13:37:39","date_gmt":"2016-12-02T05:37:39","guid":{"rendered":"http:\/\/rt18-t1028.bshark.com\/?page_id=55"},"modified":"2023-02-12T23:42:11","modified_gmt":"2023-02-13T07:42:11","slug":"about-us","status":"publish","type":"page","link":"https:\/\/www.s-k.ltd\/it\/about-us\/","title":{"rendered":"Chi siamo"},"content":{"rendered":"<p>Sunday Knight Co., Ltd \u00e8 un rinomato produttore di prodotti di alta qualit\u00e0. <strong>scatole in acrilico<\/strong> con sede nella citt\u00e0 di Dongguan, provincia del Guangdong, Cina. La nostra azienda \u00e8 stata fondata nel 2012 e da allora si \u00e8 costruita una solida reputazione come fornitore leader di scatole in acrilico personalizzate. La nostra vasta gamma di prodotti comprende un'ampia scelta di scatole in acrilico, come scatole in plexiglass, scatole in perspex, teche in acrilico, scatole espositive in acrilico, scatole portaoggetti in acrilico, scatole per donazioni in acrilico, urne elettorali in acrilico, scatole per cosmetici in acrilico, teche in plexiglass, custodie in acrilico, scatole per suggerimenti, contenitori in acrilico, contenitori portaoggetti in acrilico, scatole in lucite, scatole per scarpe in acrilico, scatole per fiori in acrilico e scatole per rose in acrilico.<\/p>\n<p>Alla Sunday Knight Co., Ltd, comprendiamo l'importanza della qualit\u00e0 e della soddisfazione del cliente. Per questo motivo abbiamo investito in officine specializzate, dipendenti qualificati e macchinari di altissimo livello per garantire la fornitura di prodotti che soddisfino gli standard pi\u00f9 elevati. La nostra attenzione alla qualit\u00e0 ci ha fatto guadagnare una solida reputazione nel settore e ci ha permesso di diventare uno dei principali produttori di scatole acriliche in Cina.<\/p>\n<p><img decoding=\"async\" class=\"size-full wp-image-21459 aligncenter\" src=\"https:\/\/www.s-k.ltd\/wp-content\/uploads\/2022\/10\/Our-workshop.webp\" alt=\"Il nostro laboratorio\" width=\"1000\" height=\"679\" srcset=\"https:\/\/www.s-k.ltd\/wp-content\/uploads\/2022\/10\/Our-workshop.webp 1000w, https:\/\/www.s-k.ltd\/wp-content\/uploads\/2022\/10\/Our-workshop-400x272.webp 400w, https:\/\/www.s-k.ltd\/wp-content\/uploads\/2022\/10\/Our-workshop-768x521.webp 768w\" sizes=\"(max-width: 1000px) 100vw, 1000px\" \/><\/p>\n<div class=\"fancybox-hidden\" style=\"display: none;\">\n<div id=\"contact_form_pop\">\n<div class=\"wpcf7 no-js\" id=\"wpcf7-f2438-o1\" lang=\"en-US\" dir=\"ltr\" data-wpcf7-id=\"2438\">\n<div class=\"screen-reader-response\"><p role=\"status\" aria-live=\"polite\" aria-atomic=\"true\"><\/p> <ul><\/ul><\/div>\n<form action=\"\/it\/wp-json\/wp\/v2\/pages\/55#wpcf7-f2438-o1\" method=\"post\" class=\"wpcf7-form init\" aria-label=\"Modulo di contatto\" novalidate=\"novalidate\" data-status=\"init\" data-trp-original-action=\"\/it\/wp-json\/wp\/v2\/pages\/55#wpcf7-f2438-o1\">\n<fieldset class=\"hidden-fields-container\"><input type=\"hidden\" name=\"_wpcf7\" value=\"2438\" \/><input type=\"hidden\" name=\"_wpcf7_version\" value=\"6.1.5\" \/><input type=\"hidden\" name=\"_wpcf7_locale\" value=\"en_US\" \/><input type=\"hidden\" name=\"_wpcf7_unit_tag\" value=\"wpcf7-f2438-o1\" \/><input type=\"hidden\" name=\"_wpcf7_container_post\" value=\"0\" \/><input type=\"hidden\" name=\"_wpcf7_posted_data_hash\" value=\"\" \/>\n<\/fieldset>\n<div id=\"enquiry-form\">\n\t<p class=\"t\">Il suo nome:\n\t<\/p>\n\t<p class=\"c\"><span class=\"wpcf7-form-control-wrap\" data-name=\"your-name\"><input size=\"40\" maxlength=\"400\" class=\"wpcf7-form-control wpcf7-text wpcf7-validates-as-required\" aria-required=\"true\" aria-invalid=\"false\" placeholder=\"Nome\" value=\"\" type=\"text\" name=\"your-name\" \/><\/span>\n\t<\/p>\n\t<p class=\"t\">Il vostro indirizzo e-mail:\n\t<\/p>\n\t<p class=\"c\"><span class=\"wpcf7-form-control-wrap\" data-name=\"your-email\"><input size=\"40\" maxlength=\"400\" class=\"wpcf7-form-control wpcf7-email wpcf7-validates-as-required wpcf7-text wpcf7-validates-as-email\" aria-required=\"true\" aria-invalid=\"false\" placeholder=\"Email\" value=\"\" type=\"email\" name=\"your-email\" \/><\/span>\n\t<\/p>\n\t<p class=\"t\">Messaggio:\n\t<\/p>\n\t<p class=\"c\"><span class=\"wpcf7-form-control-wrap\" data-name=\"your-message\"><textarea cols=\"40\" rows=\"10\" maxlength=\"2000\" class=\"wpcf7-form-control wpcf7-textarea wpcf7-validates-as-required\" aria-required=\"true\" aria-invalid=\"false\" placeholder=\"Il vostro messaggio\" name=\"your-message\"><\/textarea><\/span>\n\t<\/p>\n<div class=\"wpcf7-response-output\" aria-hidden=\"true\"><\/div>\n\t<p class=\"t\"><span class=\"wpcf7-form-control-wrap\" data-name=\"quiz-math\"><label><span class=\"wpcf7-quiz-label\">Rispondere a 1+3=?<\/span> <input size=\"40\" class=\"wpcf7-form-control wpcf7-quiz quiz\" autocomplete=\"off\" aria-required=\"true\" aria-invalid=\"false\" type=\"text\" name=\"quiz-math\" \/><\/label><input type=\"hidden\" name=\"_wpcf7_quiz_answer_quiz-math\" value=\"78478aa90831037eaeb9336c8ecf605d\" \/><\/span>\n\t<\/p>\n\t<p><input class=\"wpcf7-form-control wpcf7-submit has-spinner\" type=\"submit\" value=\"Inviare\" \/>\n\t<\/p>\n<\/div>\n<input type=\"hidden\" name=\"trp-form-language\" value=\"it\"\/><\/form>\n<\/div>\n<\/div>\n<\/div>\n\n\n<p>Oltre al nostro impegno per la qualit\u00e0, offriamo anche una serie di personalizzazioni per soddisfare le esigenze uniche dei nostri clienti. Il nostro team di esperti lavora a stretto contatto con i clienti per comprendere le loro esigenze e fornire soluzioni personalizzate che soddisfino le loro necessit\u00e0 specifiche. Che si tratti di un ordine ODM o OEM, siamo in grado di gestire tutto.<\/p>\n\n\n\n<p>Le nostre scatole in acrilico sono molto richieste e vengono esportate in tutto il mondo in paesi come Stati Uniti, Europa, Australia, Giappone e Medio Oriente. Siamo orgogliosi di aver instaurato rapporti duraturi con i nostri clienti, che confidano nella nostra capacit\u00e0 di fornire loro scatole acriliche di alta qualit\u00e0 in grado di soddisfare le loro esigenze.<\/p>\n\n\n\n<p>In conclusione, se avete bisogno di un produttore affidabile e degno di fiducia di scatole in acrilico, non cercate oltre Sunday Knight Co. Con un forte impegno per la qualit\u00e0, una gamma di personalizzazioni e un team di esperti dedicato, siamo la scelta ideale per tutte le vostre esigenze di scatole in acrilico.<\/p>\n\n\n\n<p class=\"has-vivid-purple-color has-text-color has-large-font-size\"><strong>Perch\u00e9 scegliere noi?<\/strong><\/p>\n\n\n\n<p class=\"has-black-color has-text-color has-medium-font-size\"><strong>Vendita diretta in fabbrica<\/strong><\/p>\n\n\n\n<p class=\"has-black-color has-text-color\">Senza intermediari, potete risparmiare un sacco di soldi!<\/p>\n\n\n\n<p class=\"has-black-color has-text-color has-medium-font-size\"><strong>Qualit\u00e0 garantita<\/strong><\/p>\n\n\n\n<p>100% soddisfazione garantita <\/p>\n\n\n\n<p class=\"has-black-color has-text-color has-medium-font-size\"><strong>Servizio di personalizzazione personalizzato<\/strong><\/p>\n\n\n\n<p>Diteci cosa volete, al resto pensiamo noi.<\/p>\n\n\n\n<p class=\"has-black-color has-text-color has-medium-font-size\"><strong>Tempi di consegna rapidi<\/strong><\/p>\n\n\n\n<p>Siamo produttori diretti, possiamo regolare il nostro programma di produzione per soddisfare l'ordine urgente dei clienti!<\/p>\n\n\n\n<p class=\"has-black-color has-text-color has-medium-font-size\"><strong>La nostra esperienza<\/strong><\/p>\n\n\n\n<p>Molti anni di esperienza nella produzione di display acrilici.  Abbiamo offerto OEM e ODM a molti clienti famosi.<\/p>","protected":false},"excerpt":{"rendered":"","protected":false},"author":2,"featured_media":0,"parent":0,"menu_order":0,"comment_status":"closed","ping_status":"closed","template":"","meta":{"footnotes":""},"class_list":["post-55","page","type-page","status-publish","hentry"],"yoast_head":"<!-- This site is optimized with the Yoast SEO plugin v27.4 - https:\/\/yoast.com\/product\/yoast-seo-wordpress\/ -->\n<title>About us - Chinese acrylic box factory offer custom service<\/title>\n<meta name=\"description\" content=\"We specialized in making acrylic box, plexiglass box, perspex box, acrylic display box, acrylic storage box, acrylic donation box, acrylic ballot box, etc.\" \/>\n<meta name=\"robots\" content=\"index, follow, max-snippet:-1, max-image-preview:large, max-video-preview:-1\" \/>\n<link rel=\"canonical\" href=\"https:\/\/www.s-k.ltd\/it\/about-us\/\" \/>\n<meta property=\"og:locale\" content=\"it_IT\" \/>\n<meta property=\"og:type\" content=\"article\" \/>\n<meta property=\"og:title\" content=\"About us - Chinese acrylic box factory offer custom service\" \/>\n<meta property=\"og:description\" content=\"We specialized in making acrylic box, plexiglass box, perspex box, acrylic display box, acrylic storage box, acrylic donation box, acrylic ballot box, etc.\" \/>\n<meta property=\"og:url\" content=\"https:\/\/www.s-k.ltd\/it\/about-us\/\" \/>\n<meta property=\"og:site_name\" content=\"Custom acrylic box, perspex box, lucite box , China factory direct wholesale\" \/>\n<meta property=\"article:modified_time\" content=\"2023-02-13T07:42:11+00:00\" \/>\n<meta property=\"og:image\" content=\"https:\/\/www.s-k.ltd\/wp-content\/uploads\/2022\/10\/Our-workshop.webp\" \/>\n<meta name=\"twitter:label1\" content=\"Tempo di lettura stimato\" \/>\n\t<meta name=\"twitter:data1\" content=\"2 minuti\" \/>\n<script type=\"application\/ld+json\" class=\"yoast-schema-graph\">{\"@context\":\"https:\\\/\\\/schema.org\",\"@graph\":[{\"@type\":\"WebPage\",\"@id\":\"https:\\\/\\\/www.s-k.ltd\\\/about-us\\\/\",\"url\":\"https:\\\/\\\/www.s-k.ltd\\\/about-us\\\/\",\"name\":\"About us - Chinese acrylic box factory offer custom service\",\"isPartOf\":{\"@id\":\"https:\\\/\\\/www.s-k.ltd\\\/#website\"},\"primaryImageOfPage\":{\"@id\":\"https:\\\/\\\/www.s-k.ltd\\\/about-us\\\/#primaryimage\"},\"image\":{\"@id\":\"https:\\\/\\\/www.s-k.ltd\\\/about-us\\\/#primaryimage\"},\"thumbnailUrl\":\"https:\\\/\\\/www.s-k.ltd\\\/wp-content\\\/uploads\\\/2022\\\/10\\\/Our-workshop.webp\",\"datePublished\":\"2016-12-02T05:37:39+00:00\",\"dateModified\":\"2023-02-13T07:42:11+00:00\",\"description\":\"We specialized in making acrylic box, plexiglass box, perspex box, acrylic display box, acrylic storage box, acrylic donation box, acrylic ballot box, etc.\",\"breadcrumb\":{\"@id\":\"https:\\\/\\\/www.s-k.ltd\\\/about-us\\\/#breadcrumb\"},\"inLanguage\":\"it-IT\",\"potentialAction\":[{\"@type\":\"ReadAction\",\"target\":[\"https:\\\/\\\/www.s-k.ltd\\\/about-us\\\/\"]}]},{\"@type\":\"ImageObject\",\"inLanguage\":\"it-IT\",\"@id\":\"https:\\\/\\\/www.s-k.ltd\\\/about-us\\\/#primaryimage\",\"url\":\"https:\\\/\\\/www.s-k.ltd\\\/wp-content\\\/uploads\\\/2022\\\/10\\\/Our-workshop.webp\",\"contentUrl\":\"https:\\\/\\\/www.s-k.ltd\\\/wp-content\\\/uploads\\\/2022\\\/10\\\/Our-workshop.webp\"},{\"@type\":\"BreadcrumbList\",\"@id\":\"https:\\\/\\\/www.s-k.ltd\\\/about-us\\\/#breadcrumb\",\"itemListElement\":[{\"@type\":\"ListItem\",\"position\":1,\"name\":\"\u9996\u9875\",\"item\":\"https:\\\/\\\/www.s-k.ltd\\\/\"},{\"@type\":\"ListItem\",\"position\":2,\"name\":\"About us\"}]},{\"@type\":\"WebSite\",\"@id\":\"https:\\\/\\\/www.s-k.ltd\\\/#website\",\"url\":\"https:\\\/\\\/www.s-k.ltd\\\/\",\"name\":\"Sunday Knight Acrylic Box\",\"description\":\"China acrylic box manufacturer\",\"potentialAction\":[{\"@type\":\"SearchAction\",\"target\":{\"@type\":\"EntryPoint\",\"urlTemplate\":\"https:\\\/\\\/www.s-k.ltd\\\/?s={search_term_string}\"},\"query-input\":{\"@type\":\"PropertyValueSpecification\",\"valueRequired\":true,\"valueName\":\"search_term_string\"}}],\"inLanguage\":\"it-IT\"}]}<\/script>\n<!-- \/ Yoast SEO plugin. -->","yoast_head_json":{"title":"Chi siamo - La fabbrica cinese di scatole acriliche offre il servizio personalizzato","description":"Ci siamo specializzati nella produzione di scatole in acrilico, scatole in plexiglass, scatole in perspex, scatole in acrilico per esposizioni, scatole in acrilico per stoccaggio, scatole in acrilico per donazioni, scatole in acrilico per votazioni, ecc.","robots":{"index":"index","follow":"follow","max-snippet":"max-snippet:-1","max-image-preview":"max-image-preview:large","max-video-preview":"max-video-preview:-1"},"canonical":"https:\/\/www.s-k.ltd\/it\/about-us\/","og_locale":"it_IT","og_type":"article","og_title":"About us - Chinese acrylic box factory offer custom service","og_description":"We specialized in making acrylic box, plexiglass box, perspex box, acrylic display box, acrylic storage box, acrylic donation box, acrylic ballot box, etc.","og_url":"https:\/\/www.s-k.ltd\/it\/about-us\/","og_site_name":"Custom acrylic box, perspex box, lucite box , China factory direct wholesale","article_modified_time":"2023-02-13T07:42:11+00:00","og_image":[{"url":"https:\/\/www.s-k.ltd\/wp-content\/uploads\/2022\/10\/Our-workshop.webp","type":"","width":"","height":""}],"twitter_misc":{"Tempo di lettura stimato":"2 minuti"},"schema":{"@context":"https:\/\/schema.org","@graph":[{"@type":"WebPage","@id":"https:\/\/www.s-k.ltd\/about-us\/","url":"https:\/\/www.s-k.ltd\/about-us\/","name":"Chi siamo - La fabbrica cinese di scatole acriliche offre il servizio personalizzato","isPartOf":{"@id":"https:\/\/www.s-k.ltd\/#website"},"primaryImageOfPage":{"@id":"https:\/\/www.s-k.ltd\/about-us\/#primaryimage"},"image":{"@id":"https:\/\/www.s-k.ltd\/about-us\/#primaryimage"},"thumbnailUrl":"https:\/\/www.s-k.ltd\/wp-content\/uploads\/2022\/10\/Our-workshop.webp","datePublished":"2016-12-02T05:37:39+00:00","dateModified":"2023-02-13T07:42:11+00:00","description":"Ci siamo specializzati nella produzione di scatole in acrilico, scatole in plexiglass, scatole in perspex, scatole in acrilico per esposizioni, scatole in acrilico per stoccaggio, scatole in acrilico per donazioni, scatole in acrilico per votazioni, ecc.","breadcrumb":{"@id":"https:\/\/www.s-k.ltd\/about-us\/#breadcrumb"},"inLanguage":"it-IT","potentialAction":[{"@type":"ReadAction","target":["https:\/\/www.s-k.ltd\/about-us\/"]}]},{"@type":"ImageObject","inLanguage":"it-IT","@id":"https:\/\/www.s-k.ltd\/about-us\/#primaryimage","url":"https:\/\/www.s-k.ltd\/wp-content\/uploads\/2022\/10\/Our-workshop.webp","contentUrl":"https:\/\/www.s-k.ltd\/wp-content\/uploads\/2022\/10\/Our-workshop.webp"},{"@type":"BreadcrumbList","@id":"https:\/\/www.s-k.ltd\/about-us\/#breadcrumb","itemListElement":[{"@type":"ListItem","position":1,"name":"\u9996\u9875","item":"https:\/\/www.s-k.ltd\/"},{"@type":"ListItem","position":2,"name":"About us"}]},{"@type":"WebSite","@id":"https:\/\/www.s-k.ltd\/#website","url":"https:\/\/www.s-k.ltd\/","name":"Scatola in acrilico del Cavaliere della Domenica","description":"Cina scatola acrilica produttore","potentialAction":[{"@type":"SearchAction","target":{"@type":"EntryPoint","urlTemplate":"https:\/\/www.s-k.ltd\/?s={search_term_string}"},"query-input":{"@type":"PropertyValueSpecification","valueRequired":true,"valueName":"search_term_string"}}],"inLanguage":"it-IT"}]}},"_links":{"self":[{"href":"https:\/\/www.s-k.ltd\/it\/wp-json\/wp\/v2\/pages\/55","targetHints":{"allow":["GET"]}}],"collection":[{"href":"https:\/\/www.s-k.ltd\/it\/wp-json\/wp\/v2\/pages"}],"about":[{"href":"https:\/\/www.s-k.ltd\/it\/wp-json\/wp\/v2\/types\/page"}],"author":[{"embeddable":true,"href":"https:\/\/www.s-k.ltd\/it\/wp-json\/wp\/v2\/users\/2"}],"replies":[{"embeddable":true,"href":"https:\/\/www.s-k.ltd\/it\/wp-json\/wp\/v2\/comments?post=55"}],"version-history":[{"count":0,"href":"https:\/\/www.s-k.ltd\/it\/wp-json\/wp\/v2\/pages\/55\/revisions"}],"wp:attachment":[{"href":"https:\/\/www.s-k.ltd\/it\/wp-json\/wp\/v2\/media?parent=55"}],"curies":[{"name":"wp","href":"https:\/\/api.w.org\/{rel}","templated":true}]}}